{"id":58,"date":"2017-10-05T08:52:33","date_gmt":"2017-10-05T06:52:33","guid":{"rendered":"http:\/\/www.aeccastiglionedisicilia.it\/?page_id=58"},"modified":"2024-01-17T16:32:15","modified_gmt":"2024-01-17T15:32:15","slug":"home","status":"publish","type":"page","link":"http:\/\/www.aeccastiglionedisicilia.it\/","title":{"rendered":"Home"},"content":{"rendered":"<div class=\"nolwrap\"><h2>Servizio a tutele graduali<\/h2>\n<p>A partire dal 1\u00b0 gennaio 2021, le piccole imprese e le sole microimprese con almeno un punto con potenza superiore a 15 kW nel mercato tutelato, laddove non abbiano sottoscritto un&#8217;offerta del mercato libero passeranno automaticamente e temporaneamente, senza interruzioni della fornitura, nel \u201cservizio a tutele graduali\u201d.<\/p>\n<p>Nel periodo 1\u00b0 gennaio 2021 &#8211; 30 giugno 2021 l&#8217;utenza sar\u00e0 assegnata in modo transitorio al fornitore della maggiore tutela che gi\u00e0 serve il cliente. Il prezzo sar\u00e0 in questa prima fase analogo a quello del servizio di maggior tutela che, per la parte della spesa per la materia energia, continuer\u00e0 a riflettere le variazioni del prezzo dell&#8217;energia elettrica nel mercato all&#8217;ingrosso ma sar\u00e0 basato sui valori del prezzo di riferimento dell&#8217;energia elettrica in Italia acquistata alla borsa elettrica. Tutte le altre componenti della bolletta continueranno a essere stabilite dall&#8217;Autorit\u00e0.<\/p>\n<p>dal 1\u00b0 luglio 2021 (seconda fase) il Servizio a Tutele Graduali sar\u00e0 erogato dagli esercenti selezionati attraverso specifiche procedure concorsuali che si svolgeranno a livello territoriale. Non sar\u00e0 pi\u00f9 l\u2019attuale esercente a fornire il servizio di vendita di energia elettrica.<\/p>\n<p>Le informazioni sul passaggio alle tutele graduali possono essere reperite al seguente Link o chiamando il numero verde 800166654 appositamente istituito dall\u2019ARERA:&nbsp;<a href=\"http:\/\/www.arera.it\/finetutela\">www.arera.it\/finetutela<\/a><\/p>\n<hr>\n<h2>Comunicazione Autolettura<\/h2>\n<p>Comunichiamo ai clienti finali che ai fini della fatturazione di chiusura delle proprie utenze elettriche \u00e8 possibile comunicare l\u2019autolettura tramite comunicazione scritta agli indirizzi di cui alla sezione \u201ccontatti\u201d riportata in bolletta.<\/p>\n<p>La lettura pu\u00f2 essere comunicata anche tramite PEC all\u2019indirizzo: <a href=\"mailto:ufficioelettrico@postecert.it\">ufficioelettrico@postecert.it.<\/a><\/p>\n<p>Le autoletture verranno prese in considerazione esclusivamente in caso di assenza di telerilevamento e in mancanza di lettura rilevata in loco dai letturisti.<\/p>\n<p>L\u2019autolettura dovr\u00e0 pervenire tra il quinto giorno lavorativo precedente alla cessazione ed il terzo giorno lavorativo successivo, e verr\u00e0 utilizzata solo a seguito di validazione, ovvero del controllo di congruenza con le letture gi\u00e0 disponibili per l\u2019utenza.<\/p>\n<p>Le autoletture inviate non relative alle fatture di chiusura verranno comunque prese in considerazione, qualora validate, solo in assenza di dati effettivi rilevati dal distributore.<\/p>\n<hr>\n<h2>Esenzione canone RAI<\/h2>\n<p>Segnaliamo ai titolari di utenze di energia elettrica ad uso residente che le eventuali richieste di esenzione dal canone RAI dovranno essere presentate direttamente all\u2019Agenzia delle Entrate con le modalit\u00e0 dalla stessa previste. Potrete accedere all\u2019area specifica cliccando sul seguente collegamento:<\/p>\n<p><strong><a href=\"http:\/\/www.agenziaentrate.gov.it\/wps\/content\/Nsilib\/Nsi\/Home\/CosaDeviFare\/Richiedere\/Canone+TV\/Casi+particolari+di+esonero+TV\/\" target=\"_blank\" rel=\"noopener\">CASI PARTICOLARI DI ESONERO<\/a>&nbsp;<\/strong><\/p>\n<p>Il distributore di energia elettrica non pu\u00f2 in nessun modo fungere da tramite con l\u2019Agenzia delle Entrate, le richieste di esenzione non potranno pertanto essere presentate presso i nostri uffici.<\/p>\n\n\n<p><\/p>\n<\/div>","protected":false},"excerpt":{"rendered":"<p>Servizio a tutele graduali A partire dal 1\u00b0 gennaio 2021, le piccole imprese e le sole microimprese con almeno un punto con potenza superiore a 15 kW nel mercato tutelato, laddove non abbiano sottoscritto un&#8217;offerta del mercato libero passeranno automaticamente <a href=\"http:\/\/www.aeccastiglionedisicilia.it\/\" class=\"read-more\">Continua la lettura &#8230;<\/a><\/p>\n","protected":false},"author":1,"featured_media":0,"parent":0,"menu_order":-1,"comment_status":"closed","ping_status":"closed","template":"","meta":{"footnotes":"","_links_to":"","_links_to_target":""},"_links":{"self":[{"href":"http:\/\/www.aeccastiglionedisicilia.it\/index.php?rest_route=\/wp\/v2\/pages\/58"}],"collection":[{"href":"http:\/\/www.aeccastiglionedisicilia.it\/index.php?rest_route=\/wp\/v2\/pages"}],"about":[{"href":"http:\/\/www.aeccastiglionedisicilia.it\/index.php?rest_route=\/wp\/v2\/types\/page"}],"author":[{"embeddable":true,"href":"http:\/\/www.aeccastiglionedisicilia.it\/index.php?rest_route=\/wp\/v2\/users\/1"}],"replies":[{"embeddable":true,"href":"http:\/\/www.aeccastiglionedisicilia.it\/index.php?rest_route=%2Fwp%2Fv2%2Fcomments&post=58"}],"version-history":[{"count":4,"href":"http:\/\/www.aeccastiglionedisicilia.it\/index.php?rest_route=\/wp\/v2\/pages\/58\/revisions"}],"predecessor-version":[{"id":774,"href":"http:\/\/www.aeccastiglionedisicilia.it\/index.php?rest_route=\/wp\/v2\/pages\/58\/revisions\/774"}],"wp:attachment":[{"href":"http:\/\/www.aeccastiglionedisicilia.it\/index.php?rest_route=%2Fwp%2Fv2%2Fmedia&parent=58"}],"curies":[{"name":"wp","href":"https:\/\/api.w.org\/{rel}","templated":true}]}}