{"id":533,"date":"2017-10-13T10:13:48","date_gmt":"2017-10-13T08:13:48","guid":{"rendered":"http:\/\/www.aeccastiglionedisicilia.it\/?page_id=533"},"modified":"2017-10-13T10:15:06","modified_gmt":"2017-10-13T08:15:06","slug":"contributi-di-allacciamento","status":"publish","type":"page","link":"http:\/\/www.aeccastiglionedisicilia.it\/?page_id=533","title":{"rendered":"Contributi di allacciamento"},"content":{"rendered":"<div class=\"nolwrap\"><h4>Allacciamento e contributi<\/h4>\n<h5>ALLACCIAMENTO E ATTIVAZIONE<\/h5>\n<p>L\u2019<strong>allacciamento<\/strong> \u00e8 la connessione dell\u2019impianto di utenza alla rete di distribuzione dell\u2019energia elettrica. La realizzazione dell\u2019allacciamento comporta la posa della presa (l\u2019impianto che collega il contatore alla rete di distribuzione) e del contatore.<br \/>\nL\u2019<strong>attivazione della fornitura<\/strong>, cio\u00e8 la possibilit\u00e0 di prelevare energia elettrica, pu\u00f2 essere ottenuta solo se l\u2019utenza \u00e8 allacciata alla rete ed \u00e8 stato stipulato un contratto di fornitura. Se il cliente richiede la fornitura per un\u2019utenza non ancora allacciata, l\u2019attivazione viene normalmente eseguita in occasione dell\u2019allacciamento.<br \/>\nL\u2019attivazione si realizza con la rimozione dei sigilli dal contatore o, per i contatori telegestiti, con l\u2019abilitazione a distanza da parte dell\u2019esercente.<\/p>\n<h5>LA DISCIPLINA DEI CONTRIBUTI<\/h5>\n<p>Le condizioni economiche per l\u2019erogazione del servizio di connessione (contributi di allacciamento) sono regolate dalle disposizioni dell\u2019Allegato B alla Delibera 348\/07 AEEG, fino al complessivo riordino della disciplina per l\u2019erogazione del servizio di connessione (art. 7 Del 348\/07 AEEG).<\/p>\n<p>Per vedere il dettaglio dei costi di connessione cliccare <a href=\"http:\/\/www.autorita.energia.it\/consumatori\/schede\/allacciamento.htm\" target=\"_blank\" rel=\"noopener\"><strong>QUI<\/strong><\/a>.<\/p>\n<p>&nbsp;<\/p>\n<\/div>","protected":false},"excerpt":{"rendered":"<p>Allacciamento e contributi ALLACCIAMENTO E ATTIVAZIONE L\u2019allacciamento \u00e8 la connessione dell\u2019impianto di utenza alla rete di distribuzione dell\u2019energia elettrica. La realizzazione dell\u2019allacciamento comporta la posa della presa (l\u2019impianto che collega il contatore alla rete di distribuzione) e del contatore. L\u2019attivazione <a href=\"http:\/\/www.aeccastiglionedisicilia.it\/?page_id=533\" class=\"read-more\">Continua la lettura &#8230;<\/a><\/p>\n","protected":false},"author":1,"featured_media":0,"parent":35,"menu_order":0,"comment_status":"closed","ping_status":"closed","template":"","meta":{"footnotes":"","_links_to":"","_links_to_target":""},"_links":{"self":[{"href":"http:\/\/www.aeccastiglionedisicilia.it\/index.php?rest_route=\/wp\/v2\/pages\/533"}],"collection":[{"href":"http:\/\/www.aeccastiglionedisicilia.it\/index.php?rest_route=\/wp\/v2\/pages"}],"about":[{"href":"http:\/\/www.aeccastiglionedisicilia.it\/index.php?rest_route=\/wp\/v2\/types\/page"}],"author":[{"embeddable":true,"href":"http:\/\/www.aeccastiglionedisicilia.it\/index.php?rest_route=\/wp\/v2\/users\/1"}],"replies":[{"embeddable":true,"href":"http:\/\/www.aeccastiglionedisicilia.it\/index.php?rest_route=%2Fwp%2Fv2%2Fcomments&post=533"}],"version-history":[{"count":0,"href":"http:\/\/www.aeccastiglionedisicilia.it\/index.php?rest_route=\/wp\/v2\/pages\/533\/revisions"}],"up":[{"embeddable":true,"href":"http:\/\/www.aeccastiglionedisicilia.it\/index.php?rest_route=\/wp\/v2\/pages\/35"}],"wp:attachment":[{"href":"http:\/\/www.aeccastiglionedisicilia.it\/index.php?rest_route=%2Fwp%2Fv2%2Fmedia&parent=533"}],"curies":[{"name":"wp","href":"https:\/\/api.w.org\/{rel}","templated":true}]}}