{"id":524,"date":"2017-10-13T09:45:39","date_gmt":"2017-10-13T07:45:39","guid":{"rendered":"http:\/\/www.aeccastiglionedisicilia.it\/?page_id=524"},"modified":"2017-10-13T09:45:39","modified_gmt":"2017-10-13T07:45:39","slug":"disdetta-del-contratto","status":"publish","type":"page","link":"http:\/\/www.aeccastiglionedisicilia.it\/?page_id=524","title":{"rendered":"Disdetta del contratto"},"content":{"rendered":"<div class=\"nolwrap\"><h3>Come effettuare la disdetta del contratto<\/h3>\n<p>La richiesta pu\u00f2 essere fatta anche inviando una lettera all\u2019Ufficio del Servizio Elettrico Comunale, oppure pu\u00f2 essere presentata direttamente agli sportelli del servizio elettrico nei seguenti orari:<\/p>\n<ul>\n<li><strong>Luned\u00ec, Mercoled\u00ec <\/strong>e<strong> Venerd\u00ec<\/strong> dalle <strong>9:00<\/strong> alle <strong>12:00<\/strong>;<\/li>\n<li><strong>Marted\u00ec e Gioved\u00ec<\/strong> dalle <strong>16:00<\/strong> alle <strong>18:00<\/strong>;<\/li>\n<\/ul>\n<p>I dati da comunicare sono:<\/p>\n<ul>\n<li>il codice POD, il numero di fornitura indicato sulla bolletta, l&#8217;intestazione e l&#8217;indirizzo della fornitura.<\/li>\n<li>l\u2019indirizzo di spedizione dell\u2019ultima bolletta<\/li>\n<li>\u00a0la data con la quale si vuole che venga sospesa la fornitura<\/li>\n<li>\u00a0se si vuole effettuare la disdetta per conto di un\u2019altra persona \u00e8 necessario una delega scritta<\/li>\n<li>\u00a0se si vuole effettuare la disdetta per conto di una societ\u00e0 occorre una delega su carta intestata e firmata dal legale rappresentante<\/li>\n<\/ul>\n<p>I moduli per la richiesta sono disponibili nella sezione \u201cpratiche commerciali\u201d del sito.<\/p>\n<p>La bolletta finale sar\u00e0 inviata al nuovo indirizzo segnalato da chi ha richiesto la disdetta del contratto e comprender\u00e0 il conguaglio del consumo e la restituzione del deposito cauzionale a suo tempo versato, se non \u00e8 gi\u00e0 stato restituito in precedenza.<\/p>\n<p>&nbsp;<\/p>\n<\/div>","protected":false},"excerpt":{"rendered":"<p>Come effettuare la disdetta del contratto La richiesta pu\u00f2 essere fatta anche inviando una lettera all\u2019Ufficio del Servizio Elettrico Comunale, oppure pu\u00f2 essere presentata direttamente agli sportelli del servizio elettrico nei seguenti orari: Luned\u00ec, Mercoled\u00ec e Venerd\u00ec dalle 9:00 alle <a href=\"http:\/\/www.aeccastiglionedisicilia.it\/?page_id=524\" class=\"read-more\">Continua la lettura &#8230;<\/a><\/p>\n","protected":false},"author":1,"featured_media":0,"parent":35,"menu_order":0,"comment_status":"closed","ping_status":"closed","template":"","meta":{"footnotes":"","_links_to":"","_links_to_target":""},"_links":{"self":[{"href":"http:\/\/www.aeccastiglionedisicilia.it\/index.php?rest_route=\/wp\/v2\/pages\/524"}],"collection":[{"href":"http:\/\/www.aeccastiglionedisicilia.it\/index.php?rest_route=\/wp\/v2\/pages"}],"about":[{"href":"http:\/\/www.aeccastiglionedisicilia.it\/index.php?rest_route=\/wp\/v2\/types\/page"}],"author":[{"embeddable":true,"href":"http:\/\/www.aeccastiglionedisicilia.it\/index.php?rest_route=\/wp\/v2\/users\/1"}],"replies":[{"embeddable":true,"href":"http:\/\/www.aeccastiglionedisicilia.it\/index.php?rest_route=%2Fwp%2Fv2%2Fcomments&post=524"}],"version-history":[{"count":0,"href":"http:\/\/www.aeccastiglionedisicilia.it\/index.php?rest_route=\/wp\/v2\/pages\/524\/revisions"}],"up":[{"embeddable":true,"href":"http:\/\/www.aeccastiglionedisicilia.it\/index.php?rest_route=\/wp\/v2\/pages\/35"}],"wp:attachment":[{"href":"http:\/\/www.aeccastiglionedisicilia.it\/index.php?rest_route=%2Fwp%2Fv2%2Fmedia&parent=524"}],"curies":[{"name":"wp","href":"https:\/\/api.w.org\/{rel}","templated":true}]}}